{"id":14869,"date":"2014-05-20T07:51:11","date_gmt":"2014-05-20T04:51:11","guid":{"rendered":"http:\/\/demo.qodeinteractive.com\/bridge12\/?page_id=14869"},"modified":"2025-03-04T16:18:19","modified_gmt":"2025-03-04T13:18:19","slug":"anasayfa","status":"publish","type":"page","link":"https:\/\/arelidkart.arel.edu.tr\/","title":{"rendered":"Ana Sayfa"},"content":{"rendered":"<p>[vc_row css_animation=&#8221;&#8221; row_type=&#8221;row&#8221; use_row_as_full_screen_section=&#8221;no&#8221; type=&#8221;full_width&#8221; angled_section=&#8221;no&#8221; text_align=&#8221;left&#8221; background_image_as_pattern=&#8221;without_pattern&#8221; z_index=&#8221;&#8221; side_padding=&#8221;5&#8243; padding_top=&#8221;50&#8243; padding_bottom=&#8221;50&#8243;][vc_column][vc_column_text]<\/p>\n<div align=\"justify\">\n<h2 style=\"text-align: center;\">ARELID KART NED\u0130R ? NASIL KULLANILIR ?<\/h2>\n<\/div>\n<p>[\/vc_column_text][vc_empty_space][vc_row_inner row_type=&#8221;row&#8221; type=&#8221;full_width&#8221; text_align=&#8221;left&#8221; css_animation=&#8221;&#8221;][vc_column_inner width=&#8221;1\/6&#8243;][\/vc_column_inner][vc_column_inner width=&#8221;2\/3&#8243;][vc_raw_html]JTNDdmlkZW8lMjB3aWR0aCUzRCUyMjEwMCUyNSUyMiUyMGNvbnRyb2xzJTIwYXV0b3BsYXklM0UlMEElMjAlMjAlM0Nzb3VyY2UlMjBzcmMlM0QlMjJodHRwcyUzQSUyRiUyRmFyZWxpZGthcnQuYXJlbC5lZHUudHIlMkZ2aWRlbyUyRkFyZWxJZGthcnRWaWRlb3N1Lm1wNCUyMiUyMHR5cGUlM0QlMjJ2aWRlbyUyRm1wNCUyMiUzRSUwQSUzQyUyRnZpZGVvJTNFJTIw[\/vc_raw_html][\/vc_column_inner][vc_column_inner width=&#8221;1\/6&#8243;][\/vc_column_inner][\/vc_row_inner][vc_empty_space height=&#8221;100px&#8221;][vc_column_text]<\/p>\n<div align=\"justify\">\n<p class=\"x_MsoNormal\"><b><span data-olk-copy-source=\"MessageBody\">Herhangi bir Kay\u0131p\/\u00c7al\u0131nt\u0131 durumunda bulundu\u011funuz kamp\u00fcsteki Arel ID Kart birimine bizzat ba\u015fvurman\u0131z gerekmektedir!<\/span><\/b><\/p>\n<p>&nbsp;<\/p>\n<p class=\"x_MsoNormal\"><b>Arel ID Kart:\u00a0<\/b>Kamp\u00fcs giri\u015f-\u00e7\u0131k\u0131\u015flar\u0131nda kullanaca\u011f\u0131n\u0131z \u00d6\u011frenci ve Personel kimlik kart\u0131 ve ayn\u0131 zamanda Yemekhane ve Kafeteryalarda harcamalar\u0131n\u0131z i\u00e7in ihtiya\u00e7 duyaca\u011f\u0131n\u0131z kart.<b><\/b><\/p>\n<p>&nbsp;<\/p>\n<p class=\"x_MsoNormal\"><b><u>Arel ID Kart Birimi Konum ve Mesai Saatleri<\/u><\/b><\/p>\n<p class=\"x_MsoNormal\">ID Kart Ofis \u00c7al\u0131\u015fma Saatleri Hafta i\u00e7i: 08:00 \u2013 17:00<\/p>\n<p>&nbsp;<\/p>\n<p class=\"x_MsoNormal\"><b>TEPEKENT YERLE\u015eKES\u0130<\/b><\/p>\n<p class=\"x_MsoNormal\">Tepekent Yerle\u015fkesi 0.Kat Z03 Bilgi \u0130\u015flem Ofisi<\/p>\n<p>&nbsp;<\/p>\n<p class=\"x_MsoNormal\"><b>CEV\u0130ZL\u0130BA\u011e YERLE\u015eKES\u0130<\/b><\/p>\n<p class=\"x_MsoNormal\">Cevizliba\u011f Yerle\u015fkesi 2.Kat 211 Bilgi \u0130\u015flem Ofis<\/p>\n<p>&nbsp;<\/p>\n<p class=\"x_MsoNormal\"><b>SEFAK\u00d6Y YERLE\u015eKES\u0130<\/b><\/p>\n<p class=\"x_MsoNormal\">Sefak\u00f6y Yerle\u015fkesi D Blok 4.Kat D401 Sistem Odas\u0131<\/p>\n<p>&nbsp;<\/p>\n<p class=\"x_MsoNormal\">Mesai d\u0131\u015f\u0131 saatlerde herhangi bir sorun i\u00e7in e-mail adresimizden bizimle ileti\u015fim kurabilirsiniz.<\/p>\n<p>&nbsp;<\/p>\n<p class=\"x_MsoNormal\"><b>e-mail:<\/b>\u00a0<b><a id=\"LPlnk961623\" title=\"mailto:arelidkartbirimi@arel.edu.tr\" href=\"mailto:arelidkartbirimi@arel.edu.tr\" data-linkindex=\"0\">idkart@arel.edu.tr<\/a><\/b><\/p>\n<\/div>\n<p>[\/vc_column_text][vc_empty_space height=&#8221;60px&#8221;][vc_row_inner row_type=&#8221;row&#8221; type=&#8221;full_width&#8221; text_align=&#8221;left&#8221; css_animation=&#8221;&#8221;][vc_column_inner]<a  itemprop=\"url\" href=\"https:\/\/arelnakit.arel.edu.tr\/User\/Login\" target=\"_self\"  class=\"qbutton  medium default\" style=\"\">AREL NAK\u0130T Y\u00dcKLEME<i class=\"qode_icon_font_awesome fa fa-credit-card-alt qode_button_icon_element\" style=\"\" ><\/i><\/a>[vc_empty_space height=&#8221;15px&#8221;][vc_column_text]<\/p>\n<div align=\"justify\">\n<p style=\"text-align: left;\">Kart hesab\u0131n\u0131za y\u00fckleme yapmak i\u00e7in bu alan\u0131 kullanabilirsiniz.<\/p>\n<\/div>\n<p>[\/vc_column_text][\/vc_column_inner][\/vc_row_inner][vc_empty_space height=&#8221;100px&#8221;][\/vc_column][\/vc_row]<\/p>\n","protected":false},"excerpt":{"rendered":"<p>[vc_row css_animation=&#8221;&#8221; row_type=&#8221;row&#8221; use_row_as_full_screen_section=&#8221;no&#8221; type=&#8221;full_width&#8221; angled_section=&#8221;no&#8221; text_align=&#8221;left&#8221; background_image_as_pattern=&#8221;without_pattern&#8221; z_index=&#8221;&#8221; side_padding=&#8221;5&#8243; padding_top=&#8221;50&#8243; padding_bottom=&#8221;50&#8243;][vc_column][vc_column_text] ARELID KART NED\u0130R ? NASIL KULLANILIR ? [\/vc_column_text][vc_empty_space][vc_row_inner row_type=&#8221;row&#8221; type=&#8221;full_width&#8221; text_align=&#8221;left&#8221; css_animation=&#8221;&#8221;][vc_column_inner width=&#8221;1\/6&#8243;][\/vc_column_inner][vc_column_inner width=&#8221;2\/3&#8243;][vc_raw_html]JTNDdmlkZW8lMjB3aWR0aCUzRCUyMjEwMCUyNSUyMiUyMGNvbnRyb2xzJTIwYXV0b3BsYXklM0UlMEElMjAlMjAlM0Nzb3VyY2UlMjBzcmMlM0QlMjJodHRwcyUzQSUyRiUyRmFyZWxpZGthcnQuYXJlbC5lZHUudHIlMkZ2aWRlbyUyRkFyZWxJZGthcnRWaWRlb3N1Lm1wNCUyMiUyMHR5cGUlM0QlMjJ2aWRlbyUyRm1wNCUyMiUzRSUwQSUzQyUyRnZpZGVvJTNFJTIw[\/vc_raw_html][\/vc_column_inner][vc_column_inner width=&#8221;1\/6&#8243;][\/vc_column_inner][\/vc_row_inner][vc_empty_space height=&#8221;100px&#8221;][vc_column_text] Herhangi bir Kay\u0131p\/\u00c7al\u0131nt\u0131 durumunda bulundu\u011funuz kamp\u00fcsteki Arel ID Kart birimine bizzat ba\u015fvurman\u0131z gerekmektedir! &nbsp; Arel ID Kart:\u00a0Kamp\u00fcs&#8230;<\/p>\n","protected":false},"author":1,"featured_media":0,"parent":0,"menu_order":0,"comment_status":"closed","ping_status":"closed","template":"full_width.php","meta":{"footnotes":""},"class_list":["post-14869","page","type-page","status-publish","hentry"],"_links":{"self":[{"href":"https:\/\/arelidkart.arel.edu.tr\/index.php?rest_route=\/wp\/v2\/pages\/14869","targetHints":{"allow":["GET"]}}],"collection":[{"href":"https:\/\/arelidkart.arel.edu.tr\/index.php?rest_route=\/wp\/v2\/pages"}],"about":[{"href":"https:\/\/arelidkart.arel.edu.tr\/index.php?rest_route=\/wp\/v2\/types\/page"}],"author":[{"embeddable":true,"href":"https:\/\/arelidkart.arel.edu.tr\/index.php?rest_route=\/wp\/v2\/users\/1"}],"replies":[{"embeddable":true,"href":"https:\/\/arelidkart.arel.edu.tr\/index.php?rest_route=%2Fwp%2Fv2%2Fcomments&post=14869"}],"version-history":[{"count":36,"href":"https:\/\/arelidkart.arel.edu.tr\/index.php?rest_route=\/wp\/v2\/pages\/14869\/revisions"}],"predecessor-version":[{"id":16644,"href":"https:\/\/arelidkart.arel.edu.tr\/index.php?rest_route=\/wp\/v2\/pages\/14869\/revisions\/16644"}],"wp:attachment":[{"href":"https:\/\/arelidkart.arel.edu.tr\/index.php?rest_route=%2Fwp%2Fv2%2Fmedia&parent=14869"}],"curies":[{"name":"wp","href":"https:\/\/api.w.org\/{rel}","templated":true}]}}