{"id":16280,"date":"2022-08-12T16:57:22","date_gmt":"2022-08-12T13:57:22","guid":{"rendered":"https:\/\/arelidkart.arel.edu.tr\/2\/?page_id=16280"},"modified":"2024-12-11T10:18:31","modified_gmt":"2024-12-11T07:18:31","slug":"arelid-kart-yonetimi","status":"publish","type":"page","link":"https:\/\/arelidkart.arel.edu.tr\/?page_id=16280","title":{"rendered":"ARELID KART Y\u00d6NET\u0130M\u0130"},"content":{"rendered":"<p>[vc_row css_animation=&#8221;&#8221; row_type=&#8221;row&#8221; use_row_as_full_screen_section=&#8221;no&#8221; type=&#8221;full_width&#8221; angled_section=&#8221;no&#8221; text_align=&#8221;left&#8221; background_image_as_pattern=&#8221;without_pattern&#8221; z_index=&#8221;&#8221; side_padding=&#8221;5&#8243; padding_top=&#8221;50&#8243; padding_bottom=&#8221;50&#8243;][vc_column][vc_column_text]<\/p>\n<div align=\"justify\">\n<p>ArelID Kart Sistemi ve Y\u00f6netimi,\u00a0<span dir=\"RTL\">\u201c<\/span>Kimlik Kart\u0131 ve ArelID Kart Sistemi ve Y\u00f6netimi Usul ve Esaslar\u0131\u201d \u00e7er\u00e7evesinde i\u015fletilir ve y\u00f6netilir. Bu usul ve esaslar\u0131n g\u00fcncellenmesi, sisteminin i\u015fletilmesi, de\u011ferlendirilmesi, kontrol edilmesi ve y\u00fcr\u00fct\u00fclmesi Genel Sekreterli\u011fe ba\u011fl\u0131, \u0130dari Destek ve Teknik Hizmetler Ofisi b\u00fcnyesinde olu\u015fturulan \u2018Kart Birimi<span dir=\"RTL\">\u2019<\/span>nin sorumlulu\u011fundad\u0131r.<\/p>\n<p>&nbsp;<\/p>\n<p>\u00dcniversitenin t\u00fcm \u00f6\u011frenci ve personeli, \u00dcniversiteye ba\u011fl\u0131 olduklar\u0131 s\u00fcre boyunca g\u00fcncel bir ArelID Kart<span dir=\"RTL\">\u2019<\/span>a sahip olmal\u0131 ve bu kart\u0131 ta\u015f\u0131mal\u0131d\u0131r. ArelID Kart\u2019\u0131n g\u00f6zetimi ve g\u00fcvenli\u011fi kart sahibinin sorumlulu\u011fundad\u0131r.<\/div>\n<p>[\/vc_column_text][vc_empty_space height=&#8221;60px&#8221;][vc_row_inner row_type=&#8221;row&#8221; type=&#8221;full_width&#8221; text_align=&#8221;left&#8221; css_animation=&#8221;&#8221;][vc_column_inner width=&#8221;1\/3&#8243;]<a  itemprop=\"url\" href=\"https:\/\/arelnakit.arel.edu.tr\/User\/Login\" target=\"_self\"  class=\"qbutton  medium default\" style=\"\">AREL NAK\u0130T Y\u00dcKLEME<i class=\"qode_icon_font_awesome fa fa-credit-card-alt qode_button_icon_element\" style=\"\" ><\/i><\/a>[vc_empty_space height=&#8221;15px&#8221;][vc_column_text]<\/p>\n<div align=\"justify\">\n<p style=\"text-align: left;\">Kart hesab\u0131n\u0131za y\u00fckleme yapmak i\u00e7in bu alan\u0131 kullanabilirsiniz.<\/p>\n<\/div>\n<p>[\/vc_column_text][\/vc_column_inner][\/vc_row_inner][vc_empty_space height=&#8221;100px&#8221;][\/vc_column][\/vc_row]<\/p>\n","protected":false},"excerpt":{"rendered":"<p>[vc_row css_animation=&#8221;&#8221; row_type=&#8221;row&#8221; use_row_as_full_screen_section=&#8221;no&#8221; type=&#8221;full_width&#8221; angled_section=&#8221;no&#8221; text_align=&#8221;left&#8221; background_image_as_pattern=&#8221;without_pattern&#8221; z_index=&#8221;&#8221; side_padding=&#8221;5&#8243; padding_top=&#8221;50&#8243; padding_bottom=&#8221;50&#8243;][vc_column][vc_column_text] ArelID Kart Sistemi ve Y\u00f6netimi,\u00a0\u201cKimlik Kart\u0131 ve ArelID Kart Sistemi ve Y\u00f6netimi Usul ve Esaslar\u0131\u201d \u00e7er\u00e7evesinde i\u015fletilir ve y\u00f6netilir. Bu usul ve esaslar\u0131n g\u00fcncellenmesi, sisteminin i\u015fletilmesi, de\u011ferlendirilmesi, kontrol edilmesi ve y\u00fcr\u00fct\u00fclmesi Genel Sekreterli\u011fe&#8230;<\/p>\n","protected":false},"author":1,"featured_media":0,"parent":0,"menu_order":0,"comment_status":"closed","ping_status":"closed","template":"full_width.php","meta":{"footnotes":""},"class_list":["post-16280","page","type-page","status-publish","hentry"],"_links":{"self":[{"href":"https:\/\/arelidkart.arel.edu.tr\/index.php?rest_route=\/wp\/v2\/pages\/16280","targetHints":{"allow":["GET"]}}],"collection":[{"href":"https:\/\/arelidkart.arel.edu.tr\/index.php?rest_route=\/wp\/v2\/pages"}],"about":[{"href":"https:\/\/arelidkart.arel.edu.tr\/index.php?rest_route=\/wp\/v2\/types\/page"}],"author":[{"embeddable":true,"href":"https:\/\/arelidkart.arel.edu.tr\/index.php?rest_route=\/wp\/v2\/users\/1"}],"replies":[{"embeddable":true,"href":"https:\/\/arelidkart.arel.edu.tr\/index.php?rest_route=%2Fwp%2Fv2%2Fcomments&post=16280"}],"version-history":[{"count":5,"href":"https:\/\/arelidkart.arel.edu.tr\/index.php?rest_route=\/wp\/v2\/pages\/16280\/revisions"}],"predecessor-version":[{"id":16636,"href":"https:\/\/arelidkart.arel.edu.tr\/index.php?rest_route=\/wp\/v2\/pages\/16280\/revisions\/16636"}],"wp:attachment":[{"href":"https:\/\/arelidkart.arel.edu.tr\/index.php?rest_route=%2Fwp%2Fv2%2Fmedia&parent=16280"}],"curies":[{"name":"wp","href":"https:\/\/api.w.org\/{rel}","templated":true}]}}